{"id":70,"date":"2021-07-24T18:57:13","date_gmt":"2021-07-24T23:57:13","guid":{"rendered":"https:\/\/cmlarbitration.com\/web\/?page_id=70"},"modified":"2024-08-14T17:06:03","modified_gmt":"2024-08-14T22:06:03","slug":"publicaciones","status":"publish","type":"page","link":"https:\/\/cmlarbitration.com\/web\/publicaciones\/","title":{"rendered":"Publicaciones"},"content":{"rendered":"\t\t<div data-elementor-type=\"wp-page\" data-elementor-id=\"70\" class=\"elementor elementor-70\" data-elementor-settings=\"[]\">\n\t\t\t\t\t\t\t<div class=\"elementor-section-wrap\">\n\t\t\t\t\t\t\t<section class=\"elementor-section elementor-top-section elementor-element elementor-element-2ac6a30 elementor-section-boxed elementor-section-height-default elementor-section-height-default\" data-id=\"2ac6a30\" data-element_type=\"section\">\n\t\t\t\t\t\t<div class=\"elementor-container elementor-column-gap-default\">\n\t\t\t\t\t<div class=\"elementor-column elementor-col-50 elementor-top-column elementor-element elementor-element-42db4e24\" data-id=\"42db4e24\" data-element_type=\"column\">\n\t\t\t<div class=\"elementor-widget-wrap elementor-element-populated\">\n\t\t\t\t\t\t\t\t<div class=\"elementor-element elementor-element-489215b7 elementor-widget elementor-widget-text-editor\" data-id=\"489215b7\" data-element_type=\"widget\" data-widget_type=\"text-editor.default\">\n\t\t\t\t<div class=\"elementor-widget-container\">\n\t\t\t\t\t\t\t\t\t\t\t\t\t\t<\/div>\n\t\t\t\t<\/div>\n\t\t\t\t\t<\/div>\n\t\t<\/div>\n\t\t\t\t<div class=\"elementor-column elementor-col-50 elementor-top-column elementor-element elementor-element-64806563\" data-id=\"64806563\" data-element_type=\"column\">\n\t\t\t<div class=\"elementor-widget-wrap elementor-element-populated\">\n\t\t\t\t\t\t\t\t<div class=\"elementor-element elementor-element-7f98928 elementor-widget elementor-widget-heading\" data-id=\"7f98928\" data-element_type=\"widget\" data-widget_type=\"heading.default\">\n\t\t\t\t<div class=\"elementor-widget-container\">\n\t\t\t<h2 class=\"elementor-heading-title elementor-size-default\">Publicaciones<\/h2>\t\t<\/div>\n\t\t\t\t<\/div>\n\t\t\t\t<div class=\"elementor-element elementor-element-9f62406 elementor-widget elementor-widget-heading\" data-id=\"9f62406\" data-element_type=\"widget\" data-widget_type=\"heading.default\">\n\t\t\t\t<div class=\"elementor-widget-container\">\n\t\t\t<p class=\"elementor-heading-title elementor-size-default\">Es autor de numerosos libros y art\u00edculos sobre Derecho de Arbitraje, algunos de los cuales se detallan seguidamente.<\/p>\t\t<\/div>\n\t\t\t\t<\/div>\n\t\t\t\t<div class=\"elementor-element elementor-element-40da959 elementor-widget elementor-widget-heading\" data-id=\"40da959\" data-element_type=\"widget\" data-widget_type=\"heading.default\">\n\t\t\t\t<div class=\"elementor-widget-container\">\n\t\t\t<p class=\"elementor-heading-title elementor-size-default\">Libros<\/p>\t\t<\/div>\n\t\t\t\t<\/div>\n\t\t\t\t<div class=\"elementor-element elementor-element-c4fe70e elementor-widget elementor-widget-heading\" data-id=\"c4fe70e\" data-element_type=\"widget\" data-widget_type=\"heading.default\">\n\t\t\t\t<div class=\"elementor-widget-container\">\n\t\t\t<h2 class=\"elementor-heading-title elementor-size-default\">Tratado de Derecho de Arbitraje, Instituto Vasco de Derecho Procesal, San Sebasti\u00e1n, Espa\u00f1a, 2003 (con Antonio Maria Lorca Navarrete).<\/h2>\t\t<\/div>\n\t\t\t\t<\/div>\n\t\t\t\t<div class=\"elementor-element elementor-element-e6915d0 elementor-widget-divider--view-line elementor-widget elementor-widget-divider\" data-id=\"e6915d0\" data-element_type=\"widget\" data-widget_type=\"divider.default\">\n\t\t\t\t<div class=\"elementor-widget-container\">\n\t\t\t\t\t<div class=\"elementor-divider\">\n\t\t\t<span class=\"elementor-divider-separator\">\n\t\t\t\t\t\t<\/span>\n\t\t<\/div>\n\t\t\t\t<\/div>\n\t\t\t\t<\/div>\n\t\t\t\t<div class=\"elementor-element elementor-element-4e0d460 elementor-widget elementor-widget-heading\" data-id=\"4e0d460\" data-element_type=\"widget\" data-widget_type=\"heading.default\">\n\t\t\t\t<div class=\"elementor-widget-container\">\n\t\t\t<h2 class=\"elementor-heading-title elementor-size-default\">Introducci\u00f3n al Derecho de Arbitraje, Semper Veritas ediciones, Lima, Per\u00fa, 2006.<\/h2>\t\t<\/div>\n\t\t\t\t<\/div>\n\t\t\t\t<div class=\"elementor-element elementor-element-d7c4182 elementor-widget-divider--view-line elementor-widget elementor-widget-divider\" data-id=\"d7c4182\" data-element_type=\"widget\" data-widget_type=\"divider.default\">\n\t\t\t\t<div class=\"elementor-widget-container\">\n\t\t\t\t\t<div class=\"elementor-divider\">\n\t\t\t<span class=\"elementor-divider-separator\">\n\t\t\t\t\t\t<\/span>\n\t\t<\/div>\n\t\t\t\t<\/div>\n\t\t\t\t<\/div>\n\t\t\t\t<div class=\"elementor-element elementor-element-b301128 elementor-widget elementor-widget-heading\" data-id=\"b301128\" data-element_type=\"widget\" data-widget_type=\"heading.default\">\n\t\t\t\t<div class=\"elementor-widget-container\">\n\t\t\t<h2 class=\"elementor-heading-title elementor-size-default\">La Independencia e Imparcialidad del \u00c1rbitro, Instituto Vasco de Derecho Procesal, San Sebasti\u00e1n, Espa\u00f1a, 2009.<\/h2>\t\t<\/div>\n\t\t\t\t<\/div>\n\t\t\t\t\t<\/div>\n\t\t<\/div>\n\t\t\t\t\t\t\t<\/div>\n\t\t<\/section>\n\t\t\t\t\t\t<\/div>\n\t\t\t\t\t<\/div>\n\t\t","protected":false},"excerpt":{"rendered":"<p>Nacionalidad: Peruana Idiomas: Castellano, Ingl\u00e9s, Franc\u00e9s e Italiano Es autor de numerosos libros y art\u00edculos sobre Derecho de Arbitraje, algunos de los cuales se detallan seguidamente. Libros Tratado de Derecho de Arbitraje, Instituto Vasco de Derecho Procesal, San Sebasti\u00e1n, Espa\u00f1a, 2003 (con Antonio Maria Lorca Navarrete). Introducci\u00f3n al Derecho de Arbitraje, Semper Veritas ediciones, Lima, [&hellip;]<\/p>\n","protected":false},"author":1,"featured_media":0,"parent":0,"menu_order":0,"comment_status":"closed","ping_status":"closed","template":"","meta":{"inline_featured_image":false,"footnotes":""},"class_list":["post-70","page","type-page","status-publish","hentry"],"_links":{"self":[{"href":"https:\/\/cmlarbitration.com\/web\/wp-json\/wp\/v2\/pages\/70","targetHints":{"allow":["GET"]}}],"collection":[{"href":"https:\/\/cmlarbitration.com\/web\/wp-json\/wp\/v2\/pages"}],"about":[{"href":"https:\/\/cmlarbitration.com\/web\/wp-json\/wp\/v2\/types\/page"}],"author":[{"embeddable":true,"href":"https:\/\/cmlarbitration.com\/web\/wp-json\/wp\/v2\/users\/1"}],"replies":[{"embeddable":true,"href":"https:\/\/cmlarbitration.com\/web\/wp-json\/wp\/v2\/comments?post=70"}],"version-history":[{"count":108,"href":"https:\/\/cmlarbitration.com\/web\/wp-json\/wp\/v2\/pages\/70\/revisions"}],"predecessor-version":[{"id":1938,"href":"https:\/\/cmlarbitration.com\/web\/wp-json\/wp\/v2\/pages\/70\/revisions\/1938"}],"wp:attachment":[{"href":"https:\/\/cmlarbitration.com\/web\/wp-json\/wp\/v2\/media?parent=70"}],"curies":[{"name":"wp","href":"https:\/\/api.w.org\/{rel}","templated":true}]}}