{"id":2,"date":"2021-07-24T14:24:19","date_gmt":"2021-07-24T19:24:19","guid":{"rendered":"https:\/\/cmlarbitration.com\/web\/?page_id=2"},"modified":"2024-08-25T00:40:48","modified_gmt":"2024-08-25T05:40:48","slug":"pagina-de-ejemplo","status":"publish","type":"page","link":"https:\/\/cmlarbitration.com\/web\/","title":{"rendered":"Biograf\u00eda"},"content":{"rendered":"\t\t<div data-elementor-type=\"wp-page\" data-elementor-id=\"2\" class=\"elementor elementor-2\" data-elementor-settings=\"[]\">\n\t\t\t\t\t\t\t<div class=\"elementor-section-wrap\">\n\t\t\t\t\t\t\t<section class=\"elementor-section elementor-top-section elementor-element elementor-element-849ee60 elementor-section-boxed elementor-section-height-default elementor-section-height-default\" data-id=\"849ee60\" data-element_type=\"section\">\n\t\t\t\t\t\t<div class=\"elementor-container elementor-column-gap-default\">\n\t\t\t\t\t<div class=\"elementor-column elementor-col-50 elementor-top-column elementor-element elementor-element-13de8d1\" data-id=\"13de8d1\" data-element_type=\"column\">\n\t\t\t<div class=\"elementor-widget-wrap elementor-element-populated\">\n\t\t\t\t\t\t\t\t<div class=\"elementor-element elementor-element-82ffa76 elementor-widget elementor-widget-image\" data-id=\"82ffa76\" data-element_type=\"widget\" data-widget_type=\"image.default\">\n\t\t\t\t<div class=\"elementor-widget-container\">\n\t\t\t\t\t\t\t\t\t\t\t\t\t\t\t<img loading=\"lazy\" decoding=\"async\" width=\"768\" height=\"1024\" src=\"https:\/\/cmlarbitration.com\/web\/wp-content\/uploads\/2023\/01\/Foto-2023-Redes-768x1024.jpg\" class=\"attachment-large size-large\" alt=\"\" srcset=\"https:\/\/cmlarbitration.com\/web\/wp-content\/uploads\/2023\/01\/Foto-2023-Redes-768x1024.jpg 768w, https:\/\/cmlarbitration.com\/web\/wp-content\/uploads\/2023\/01\/Foto-2023-Redes-225x300.jpg 225w, https:\/\/cmlarbitration.com\/web\/wp-content\/uploads\/2023\/01\/Foto-2023-Redes-1152x1536.jpg 1152w, https:\/\/cmlarbitration.com\/web\/wp-content\/uploads\/2023\/01\/Foto-2023-Redes.jpg 1200w\" sizes=\"auto, (max-width: 768px) 100vw, 768px\" \/>\t\t\t\t\t\t\t\t\t\t\t\t\t\t\t<\/div>\n\t\t\t\t<\/div>\n\t\t\t\t<div class=\"elementor-element elementor-element-522905f elementor-widget elementor-widget-heading\" data-id=\"522905f\" data-element_type=\"widget\" data-widget_type=\"heading.default\">\n\t\t\t\t<div class=\"elementor-widget-container\">\n\t\t\t<h2 class=\"elementor-heading-title elementor-size-default\">Carlos Matheus L\u00f3pez<\/h2>\t\t<\/div>\n\t\t\t\t<\/div>\n\t\t\t\t<div class=\"elementor-element elementor-element-3dc0c84 elementor-widget elementor-widget-text-editor\" data-id=\"3dc0c84\" data-element_type=\"widget\" data-widget_type=\"text-editor.default\">\n\t\t\t\t<div class=\"elementor-widget-container\">\n\t\t\t\t\t\t\t\tNacionalidad: Peruana\r\nIdiomas: \u00c1rabe, Castellano, Franc\u00e9s, Ingl\u00e9s e Italiano\t\t\t\t\t\t<\/div>\n\t\t\t\t<\/div>\n\t\t\t\t<div class=\"elementor-element elementor-element-034ac5e elementor-align-right elementor-icon-list--layout-traditional elementor-list-item-link-full_width elementor-widget elementor-widget-icon-list\" data-id=\"034ac5e\" data-element_type=\"widget\" data-widget_type=\"icon-list.default\">\n\t\t\t\t<div class=\"elementor-widget-container\">\n\t\t\t\t\t<ul class=\"elementor-icon-list-items\">\n\t\t\t\t\t\t\t<li class=\"elementor-icon-list-item\">\n\t\t\t\t\t<a href=\"https:\/\/cmlarbitration.com\/web\/Carlos_Matheus_Lopez.vcf\">\t\t\t\t\t\t<span class=\"elementor-icon-list-icon\">\n\t\t\t\t\t\t\t<i aria-hidden=\"true\" class=\"far fa-address-card\"><\/i>\t\t\t\t\t\t<\/span>\n\t\t\t\t\t\t\t\t\t\t<span class=\"elementor-icon-list-text\">Vcard<\/span>\n\t\t\t\t\t\t\t\t\t\t\t<\/a>\n\t\t\t\t\t\t\t\t\t<\/li>\n\t\t\t\t\t\t\t\t<li class=\"elementor-icon-list-item\">\n\t\t\t\t\t<a href=\"https:\/\/cmlarbitration.com\/web\/wp-content\/uploads\/2024\/08\/Resume-Matheus-Castellano-Global.pdf\" target=\"_blank\">\t\t\t\t\t\t<span class=\"elementor-icon-list-icon\">\n\t\t\t\t\t\t\t<i aria-hidden=\"true\" class=\"fas fa-file-pdf\"><\/i>\t\t\t\t\t\t<\/span>\n\t\t\t\t\t\t\t\t\t\t<span class=\"elementor-icon-list-text\">Descargar PDF<\/span>\n\t\t\t\t\t\t\t\t\t\t\t<\/a>\n\t\t\t\t\t\t\t\t\t<\/li>\n\t\t\t\t\t\t\t\t<li class=\"elementor-icon-list-item\">\n\t\t\t\t\t<a href=\"https:\/\/www.linkedin.com\/in\/carlos-matheus-l%C3%B3pez-b558a7ba\/\" target=\"_blank\">\t\t\t\t\t\t<span class=\"elementor-icon-list-icon\">\n\t\t\t\t\t\t\t<i aria-hidden=\"true\" class=\"fab fa-linkedin-in\"><\/i>\t\t\t\t\t\t<\/span>\n\t\t\t\t\t\t\t\t\t\t<span class=\"elementor-icon-list-text\">Linkendin<\/span>\n\t\t\t\t\t\t\t\t\t\t\t<\/a>\n\t\t\t\t\t\t\t\t\t<\/li>\n\t\t\t\t\t\t\t\t<li class=\"elementor-icon-list-item\">\n\t\t\t\t\t<a href=\"http:\/\/lex-arbitri.blogspot.com\/\" target=\"_blank\">\t\t\t\t\t<span class=\"elementor-icon-list-text\"><\/span>\n\t\t\t\t\t\t\t\t\t\t\t<\/a>\n\t\t\t\t\t\t\t\t\t<\/li>\n\t\t\t\t\t\t<\/ul>\n\t\t\t\t<\/div>\n\t\t\t\t<\/div>\n\t\t\t\t\t<\/div>\n\t\t<\/div>\n\t\t\t\t<div class=\"elementor-column elementor-col-50 elementor-top-column elementor-element elementor-element-12fbc50\" data-id=\"12fbc50\" data-element_type=\"column\">\n\t\t\t<div class=\"elementor-widget-wrap elementor-element-populated\">\n\t\t\t\t\t\t\t\t<div class=\"elementor-element elementor-element-62344f4 elementor-widget elementor-widget-heading\" data-id=\"62344f4\" data-element_type=\"widget\" data-widget_type=\"heading.default\">\n\t\t\t\t<div class=\"elementor-widget-container\">\n\t\t\t<h2 class=\"elementor-heading-title elementor-size-default\">Biograf\u00eda<\/h2>\t\t<\/div>\n\t\t\t\t<\/div>\n\t\t\t\t<div class=\"elementor-element elementor-element-1cd6e8b elementor-widget elementor-widget-text-editor\" data-id=\"1cd6e8b\" data-element_type=\"widget\" data-widget_type=\"text-editor.default\">\n\t\t\t\t<div class=\"elementor-widget-container\">\n\t\t\t\t\t\t\t\t<p>Carlos Matheus L\u00f3pez es un \u00e1rbitro a tiempo completo y de pr\u00e1ctica independiente con sede en Lima.<\/p>\n<p>Ostenta el t\u00edtulo de Doctor en Derecho por la Universidad del Pa\u00eds Vasco (Espa\u00f1a).<\/p>\n<p>Es Profesor Ordinario Asociado de la Facultad de Derecho de la Pontificia Universidad Cat\u00f3lica del Per\u00fa. Y es Profesor de Derecho de Arbitraje en la Facultad de Derecho de la Universidad C\u00e9sar Vallejo, como tambi\u00e9n en la Academia de la Magistratura. Es adem\u00e1s Profesor de Sufismo del Centro de Estudios Orientales de la Pontificia Universidad Cat\u00f3lica del Per\u00fa.<\/p>\n<p>Ha escrito extensamente en materia de Derecho de Arbitraje, tanto en castellano como en ingl\u00e9s.<\/p>\n<p>Con 23 a\u00f1os en la pr\u00e1ctica del arbitraje, ha participado como \u00c1rbitro o Presidente de Tribunal en un importante n\u00famero de procesos arbitrales, tanto ad hoc como institucionales. Principalmente, en materia Comercial y de Contrataci\u00f3n con el Estado.<\/p>\n<p>Es \u00e1rbitro inscrito en el registro de la mayor\u00eda de instituciones arbitrales del Per\u00fa. Asimismo, es \u00e1rbitro de la Corte de Arbitraje Deportivo (CAS\/TAS).<\/p>\n<p>Ha sido designado como \u00c1rbitro por diversas Instituciones P\u00fablicas y Empresas Privadas. Y ha emitido tambi\u00e9n diversos dict\u00e1menes, a solicitud de \u00e9stas.<\/p>\n<p>Imparte frecuentemente conferencias sobre Derecho de Arbitraje en Am\u00e9rica Latina, Asia y Europa.<\/p>\n<p>Es autor de diversos art\u00edculos, libros y cap\u00edtulos de libro -sobre Arbitraje Internacional y Arbitraje de Inversiones- publicados en editoriales de Am\u00e9rica Latina, Europa, Medio Oriente y Norte Am\u00e9rica.<\/p>\n<p>Es escritor de cuentos para ni\u00f1os y colaborador en diversas revistas culturales.<\/p>\n<p>Es tambi\u00e9n profesor invitado en diversas universidades de Am\u00e9rica Latina y Europa.<\/p>\n<p>&nbsp;<\/p>\n\t\t\t\t\t\t<\/div>\n\t\t\t\t<\/div>\n\t\t\t\t\t<\/div>\n\t\t<\/div>\n\t\t\t\t\t\t\t<\/div>\n\t\t<\/section>\n\t\t\t\t\t\t<\/div>\n\t\t\t\t\t<\/div>\n\t\t","protected":false},"excerpt":{"rendered":"<p>Nacionalidad: Peruana Idiomas: Castellano, Ingl\u00e9s, Franc\u00e9s e Italiano Vcard Descargar PDF Linkendin \u00a0 Biograf\u00eda El Profesor Carlos Matheus L\u00f3pez se especializa en arbitraje nacional, internacional y de inversiones. Es Abogado por la Pontificia Universidad Cat\u00f3lica del Per\u00fa. Posee un D.E.A. en Derecho Administrativo, Constitucional y Teor\u00eda del Derecho, como tambi\u00e9n el t\u00edtulo de Doctor en [&hellip;]<\/p>\n","protected":false},"author":1,"featured_media":1086,"parent":0,"menu_order":0,"comment_status":"closed","ping_status":"open","template":"elementor_header_footer","meta":{"inline_featured_image":false,"footnotes":""},"class_list":["post-2","page","type-page","status-publish","has-post-thumbnail","hentry"],"_links":{"self":[{"href":"https:\/\/cmlarbitration.com\/web\/wp-json\/wp\/v2\/pages\/2","targetHints":{"allow":["GET"]}}],"collection":[{"href":"https:\/\/cmlarbitration.com\/web\/wp-json\/wp\/v2\/pages"}],"about":[{"href":"https:\/\/cmlarbitration.com\/web\/wp-json\/wp\/v2\/types\/page"}],"author":[{"embeddable":true,"href":"https:\/\/cmlarbitration.com\/web\/wp-json\/wp\/v2\/users\/1"}],"replies":[{"embeddable":true,"href":"https:\/\/cmlarbitration.com\/web\/wp-json\/wp\/v2\/comments?post=2"}],"version-history":[{"count":201,"href":"https:\/\/cmlarbitration.com\/web\/wp-json\/wp\/v2\/pages\/2\/revisions"}],"predecessor-version":[{"id":1957,"href":"https:\/\/cmlarbitration.com\/web\/wp-json\/wp\/v2\/pages\/2\/revisions\/1957"}],"wp:featuredmedia":[{"embeddable":true,"href":"https:\/\/cmlarbitration.com\/web\/wp-json\/wp\/v2\/media\/1086"}],"wp:attachment":[{"href":"https:\/\/cmlarbitration.com\/web\/wp-json\/wp\/v2\/media?parent=2"}],"curies":[{"name":"wp","href":"https:\/\/api.w.org\/{rel}","templated":true}]}}