{"id":2,"date":"2021-07-24T14:24:19","date_gmt":"2021-07-24T19:24:19","guid":{"rendered":"https:\/\/cmlarbitration.com\/web\/?page_id=2"},"modified":"2024-08-25T00:46:07","modified_gmt":"2024-08-25T05:46:07","slug":"pagina-de-ejemplo","status":"publish","type":"page","link":"https:\/\/cmlarbitration.com\/web\/en\/","title":{"rendered":"Biography"},"content":{"rendered":"\t\t<div data-elementor-type=\"wp-page\" data-elementor-id=\"2\" class=\"elementor elementor-2\" data-elementor-settings=\"[]\">\n\t\t\t\t\t\t\t<div class=\"elementor-section-wrap\">\n\t\t\t\t\t\t\t<section class=\"elementor-section elementor-top-section elementor-element elementor-element-849ee60 elementor-section-boxed elementor-section-height-default elementor-section-height-default\" data-id=\"849ee60\" data-element_type=\"section\">\n\t\t\t\t\t\t<div class=\"elementor-container elementor-column-gap-default\">\n\t\t\t\t\t<div class=\"elementor-column elementor-col-50 elementor-top-column elementor-element elementor-element-13de8d1\" data-id=\"13de8d1\" data-element_type=\"column\">\n\t\t\t<div class=\"elementor-widget-wrap elementor-element-populated\">\n\t\t\t\t\t\t\t\t<div class=\"elementor-element elementor-element-82ffa76 elementor-widget elementor-widget-image\" data-id=\"82ffa76\" data-element_type=\"widget\" data-widget_type=\"image.default\">\n\t\t\t\t<div class=\"elementor-widget-container\">\n\t\t\t\t\t\t\t\t\t\t\t\t\t\t\t<img loading=\"lazy\" decoding=\"async\" width=\"768\" height=\"1024\" src=\"https:\/\/cmlarbitration.com\/web\/en\/wp-content\/uploads\/2023\/01\/Foto-2023-Redes-768x1024.jpg\" class=\"attachment-large size-large\" alt=\"\" srcset=\"https:\/\/cmlarbitration.com\/web\/en\/wp-content\/uploads\/2023\/01\/Foto-2023-Redes-768x1024.jpg 768w, https:\/\/cmlarbitration.com\/web\/en\/wp-content\/uploads\/2023\/01\/Foto-2023-Redes-225x300.jpg 225w, https:\/\/cmlarbitration.com\/web\/en\/wp-content\/uploads\/2023\/01\/Foto-2023-Redes-1152x1536.jpg 1152w, https:\/\/cmlarbitration.com\/web\/en\/wp-content\/uploads\/2023\/01\/Foto-2023-Redes.jpg 1200w\" sizes=\"auto, (max-width: 768px) 100vw, 768px\" \/>\t\t\t\t\t\t\t\t\t\t\t\t\t\t\t<\/div>\n\t\t\t\t<\/div>\n\t\t\t\t<div class=\"elementor-element elementor-element-522905f elementor-widget elementor-widget-heading\" data-id=\"522905f\" data-element_type=\"widget\" data-widget_type=\"heading.default\">\n\t\t\t\t<div class=\"elementor-widget-container\">\n\t\t\t<h2 class=\"elementor-heading-title elementor-size-default\">Carlos Matheus L\u00f3pez<\/h2>\t\t<\/div>\n\t\t\t\t<\/div>\n\t\t\t\t<div class=\"elementor-element elementor-element-3dc0c84 elementor-widget elementor-widget-text-editor\" data-id=\"3dc0c84\" data-element_type=\"widget\" data-widget_type=\"text-editor.default\">\n\t\t\t\t<div class=\"elementor-widget-container\">\n\t\t\t\t\t\t\t\tNationality: Peruvian\r\nLanguages: Arab, Spanish, English, French and Italian\t\t\t\t\t\t<\/div>\n\t\t\t\t<\/div>\n\t\t\t\t<div class=\"elementor-element elementor-element-034ac5e elementor-align-right elementor-icon-list--layout-traditional elementor-list-item-link-full_width elementor-widget elementor-widget-icon-list\" data-id=\"034ac5e\" data-element_type=\"widget\" data-widget_type=\"icon-list.default\">\n\t\t\t\t<div class=\"elementor-widget-container\">\n\t\t\t\t\t<ul class=\"elementor-icon-list-items\">\n\t\t\t\t\t\t\t<li class=\"elementor-icon-list-item\">\n\t\t\t\t\t<a href=\"https:\/\/cmlarbitration.com\/web\/Carlos_Matheus_Lopez.vcf\">\t\t\t\t\t\t<span class=\"elementor-icon-list-icon\">\n\t\t\t\t\t\t\t<i aria-hidden=\"true\" class=\"far fa-address-card\"><\/i>\t\t\t\t\t\t<\/span>\n\t\t\t\t\t\t\t\t\t\t<span class=\"elementor-icon-list-text\">Vcard<\/span>\n\t\t\t\t\t\t\t\t\t\t\t<\/a>\n\t\t\t\t\t\t\t\t\t<\/li>\n\t\t\t\t\t\t\t\t<li class=\"elementor-icon-list-item\">\n\t\t\t\t\t<a href=\"https:\/\/cmlarbitration.com\/web\/en\/wp-content\/uploads\/2024\/08\/Resume-Matheus-Ingles.pdf\" target=\"_blank\">\t\t\t\t\t\t<span class=\"elementor-icon-list-icon\">\n\t\t\t\t\t\t\t<i aria-hidden=\"true\" class=\"fas fa-file-pdf\"><\/i>\t\t\t\t\t\t<\/span>\n\t\t\t\t\t\t\t\t\t\t<span class=\"elementor-icon-list-text\">Download PDF<\/span>\n\t\t\t\t\t\t\t\t\t\t\t<\/a>\n\t\t\t\t\t\t\t\t\t<\/li>\n\t\t\t\t\t\t\t\t<li class=\"elementor-icon-list-item\">\n\t\t\t\t\t<a href=\"https:\/\/www.linkedin.com\/in\/carlos-matheus-l%C3%B3pez-b558a7ba\/\" target=\"_blank\">\t\t\t\t\t\t<span class=\"elementor-icon-list-icon\">\n\t\t\t\t\t\t\t<i aria-hidden=\"true\" class=\"fab fa-linkedin-in\"><\/i>\t\t\t\t\t\t<\/span>\n\t\t\t\t\t\t\t\t\t\t<span class=\"elementor-icon-list-text\">Linkedin<\/span>\n\t\t\t\t\t\t\t\t\t\t\t<\/a>\n\t\t\t\t\t\t\t\t\t<\/li>\n\t\t\t\t\t\t\t\t<li class=\"elementor-icon-list-item\">\n\t\t\t\t\t<a href=\"http:\/\/lex-arbitri.blogspot.com\/\" target=\"_blank\">\t\t\t\t\t<span class=\"elementor-icon-list-text\"><\/span>\n\t\t\t\t\t\t\t\t\t\t\t<\/a>\n\t\t\t\t\t\t\t\t\t<\/li>\n\t\t\t\t\t\t<\/ul>\n\t\t\t\t<\/div>\n\t\t\t\t<\/div>\n\t\t\t\t\t<\/div>\n\t\t<\/div>\n\t\t\t\t<div class=\"elementor-column elementor-col-50 elementor-top-column elementor-element elementor-element-12fbc50\" data-id=\"12fbc50\" data-element_type=\"column\">\n\t\t\t<div class=\"elementor-widget-wrap elementor-element-populated\">\n\t\t\t\t\t\t\t\t<div class=\"elementor-element elementor-element-62344f4 elementor-widget elementor-widget-heading\" data-id=\"62344f4\" data-element_type=\"widget\" data-widget_type=\"heading.default\">\n\t\t\t\t<div class=\"elementor-widget-container\">\n\t\t\t<h2 class=\"elementor-heading-title elementor-size-default\">Biography<\/h2>\t\t<\/div>\n\t\t\t\t<\/div>\n\t\t\t\t<div class=\"elementor-element elementor-element-1cd6e8b elementor-widget elementor-widget-text-editor\" data-id=\"1cd6e8b\" data-element_type=\"widget\" data-widget_type=\"text-editor.default\">\n\t\t\t\t<div class=\"elementor-widget-container\">\n\t\t\t\t\t\t\t\t<p>Carlos A. Matheus is a full-time arbitrator in independent practice, based in Lima.<\/p>\n<p>He holds a Ph.D. in Law from University of the Basque Country (Spain).<\/p>\n<p>He is Associate Professor of the Academic Department of Law at the Pontificia Universidad Cat\u00f3lica del Per\u00fa PUCP and Professor of Arbitration Law at the Cesar Vallejo University and Peruvian Judicial School (Peru). He is also Professor of Sufism at the Center for Eastern Studies of the Pontifical Catholic University of Peru.<\/p>\n<p>Professor Matheus has been in the practice of arbitration for over 23 years, like Chairman, Sole Arbitrator or member of the tribunal in numerous arbitration proceedings, ad hoc and institutional. Government corporations and private companies have appointed Professor Matheus to serve on various panels. He has also provided opinions to state enterprises and companies.<\/p>\n<p>He is the author of several articles, books and book chapters published in Latin America, Europe, the Middle East and North America.<\/p>\n<p>Professor Matheus is a frequent speaker at conferences on arbitration law in several countries of Latin America, Asia and Europe.<\/p>\n<p>He is a children&#8217;s\u00a0literature\u00a0writer and contributor to several cultural magazines.<\/p>\n<p>He is also a guest lecturer at several universities of Latin America and Europe.<\/p>\n<p>Professor Matheus is arbitrator at the Court of Arbitration for Sport (CAS \/ TAS).<\/p>\n\t\t\t\t\t\t<\/div>\n\t\t\t\t<\/div>\n\t\t\t\t\t<\/div>\n\t\t<\/div>\n\t\t\t\t\t\t\t<\/div>\n\t\t<\/section>\n\t\t\t\t\t\t<\/div>\n\t\t\t\t\t<\/div>\n\t\t","protected":false},"excerpt":{"rendered":"<p>Nacionalidad: Peruana Idiomas: Castellano, Ingl\u00e9s, Franc\u00e9s e Italiano Vcard Download PDF Linkedin \u00a0 El Profesor Carlos Matheus L\u00f3pez se especializa en arbitraje nacional, internacional y de inversiones. Es Abogado por la Pontificia Universidad Cat\u00f3lica del Per\u00fa. Posee un D.E.A. en Derecho Administrativo, Constitucional y Teor\u00eda del Derecho, como tambi\u00e9n el t\u00edtulo de Doctor en Derecho [&hellip;]<\/p>\n","protected":false},"author":1,"featured_media":1114,"parent":0,"menu_order":0,"comment_status":"closed","ping_status":"open","template":"elementor_header_footer","meta":{"footnotes":""},"class_list":["post-2","page","type-page","status-publish","has-post-thumbnail","hentry"],"_links":{"self":[{"href":"https:\/\/cmlarbitration.com\/web\/en\/wp-json\/wp\/v2\/pages\/2","targetHints":{"allow":["GET"]}}],"collection":[{"href":"https:\/\/cmlarbitration.com\/web\/en\/wp-json\/wp\/v2\/pages"}],"about":[{"href":"https:\/\/cmlarbitration.com\/web\/en\/wp-json\/wp\/v2\/types\/page"}],"author":[{"embeddable":true,"href":"https:\/\/cmlarbitration.com\/web\/en\/wp-json\/wp\/v2\/users\/1"}],"replies":[{"embeddable":true,"href":"https:\/\/cmlarbitration.com\/web\/en\/wp-json\/wp\/v2\/comments?post=2"}],"version-history":[{"count":202,"href":"https:\/\/cmlarbitration.com\/web\/en\/wp-json\/wp\/v2\/pages\/2\/revisions"}],"predecessor-version":[{"id":1146,"href":"https:\/\/cmlarbitration.com\/web\/en\/wp-json\/wp\/v2\/pages\/2\/revisions\/1146"}],"wp:featuredmedia":[{"embeddable":true,"href":"https:\/\/cmlarbitration.com\/web\/en\/wp-json\/wp\/v2\/media\/1114"}],"wp:attachment":[{"href":"https:\/\/cmlarbitration.com\/web\/en\/wp-json\/wp\/v2\/media?parent=2"}],"curies":[{"name":"wp","href":"https:\/\/api.w.org\/{rel}","templated":true}]}}